{"id":52,"date":"2021-05-23T23:12:32","date_gmt":"2021-05-23T23:12:32","guid":{"rendered":"https:\/\/sagbiasfalt.com\/blog\/?page_id=52"},"modified":"2021-05-23T23:12:32","modified_gmt":"2021-05-23T23:12:32","slug":"iletisim","status":"publish","type":"page","link":"https:\/\/sagbiasfalt.com\/blog\/iletisim\/","title":{"rendered":"\u0130leti\u015fim"},"content":{"rendered":"<div class=\"col-lg-4 col-md-4 col-sm-6\">\n<div class=\"footer-address\">\n<div class=\"section-title\">\n<h4 class=\"title\">\u0130leti\u015fim Bilgileri<\/h4>\n<\/div>\n<ul class=\"list-inline\">\n<li><i class=\"fa fa-map-marker\"><\/i> <span>\u00dcniversite Mahallesi. \u015eelale sokak. No:1 D:5 Avc\u0131lar \/ \u0130stanbul<\/span><\/li>\n<li><i class=\"fa fa-phone\"><\/i> <span>0 (531) 245 59 50<\/span><\/li>\n<li><i class=\"fa fa-phone\"><\/i> <span>0 (539) 304 23 27<\/span><\/li>\n<li><i class=\"fa fa-phone\"><\/i> <span>0 (532) 499 80 12<\/span><\/li>\n<li><i class=\"fa fa-phone\"><\/i> <span>0 (212) 694 72 85<\/span><\/li>\n<li><i class=\"fa fa-envelope\"><\/i> <span>sagbiyapi@gmail.com<\/span><\/li>\n<li><i class=\"fa fa-envelope\"><\/i> <span>info@sagbiasfalt.com<\/span><\/li>\n<\/ul>\n<div class=\"footer-social mt-40 text-white\">\n<div class=\"social-icons color-hover\">\n<ul>\n<li><a href=\"https:\/\/wa.me\/0905312455950\" target=\"_blank\" rel=\"noopener\"><i class=\"fa fa-whatsapp\"><\/i><\/a><\/li>\n<li><a href=\"tel:0905312455950\" target=\"_blank\" rel=\"noopener\"><i class=\"fa fa-phone\"><\/i><\/a><\/li>\n<li><a href=\"mailto:info@sagbiyapi.com\" target=\"_blank\" rel=\"noopener\"><i class=\"fa fa-envelope\"><\/i><\/a><\/li>\n<li><a href=\"sms:0905312455950\" target=\"_blank\" rel=\"noopener\"><i class=\"fa fa-paper-plane\"><\/i><\/a><\/li>\n<\/ul><\/div>\n<\/p><\/div>\n<\/p><\/div>\n<\/p><\/div>\n<\/p><\/div>\n<\/p><\/div>\n","protected":false},"excerpt":{"rendered":"<p>\u0130leti\u015fim Bilgileri \u00dcniversite Mahallesi. \u015eelale sokak. No:1 D:5 Avc\u0131lar \/ \u0130stanbul 0 (531) 245 59 50 0 (539) 304 23 27 0 (532) 499 80 12 0 (212) 694 72&#8230; <\/p>\n","protected":false},"author":1,"featured_media":0,"parent":0,"menu_order":0,"comment_status":"closed","ping_status":"closed","template":"","meta":{"_monsterinsights_skip_tracking":false,"_monsterinsights_sitenote_active":false,"_monsterinsights_sitenote_note":"","_monsterinsights_sitenote_category":0,"footnotes":""},"class_list":["post-52","page","type-page","status-publish","hentry"],"aioseo_notices":[],"_links":{"self":[{"href":"https:\/\/sagbiasfalt.com\/blog\/wp-json\/wp\/v2\/pages\/52","targetHints":{"allow":["GET"]}}],"collection":[{"href":"https:\/\/sagbiasfalt.com\/blog\/wp-json\/wp\/v2\/pages"}],"about":[{"href":"https:\/\/sagbiasfalt.com\/blog\/wp-json\/wp\/v2\/types\/page"}],"author":[{"embeddable":true,"href":"https:\/\/sagbiasfalt.com\/blog\/wp-json\/wp\/v2\/users\/1"}],"replies":[{"embeddable":true,"href":"https:\/\/sagbiasfalt.com\/blog\/wp-json\/wp\/v2\/comments?post=52"}],"version-history":[{"count":2,"href":"https:\/\/sagbiasfalt.com\/blog\/wp-json\/wp\/v2\/pages\/52\/revisions"}],"predecessor-version":[{"id":54,"href":"https:\/\/sagbiasfalt.com\/blog\/wp-json\/wp\/v2\/pages\/52\/revisions\/54"}],"wp:attachment":[{"href":"https:\/\/sagbiasfalt.com\/blog\/wp-json\/wp\/v2\/media?parent=52"}],"curies":[{"name":"wp","href":"https:\/\/api.w.org\/{rel}","templated":true}]}}